{"id":10517,"date":"2021-02-08T20:59:18","date_gmt":"2021-02-08T19:59:18","guid":{"rendered":"https:\/\/gbta.it-zwenkau.de\/?page_id=10517"},"modified":"2021-10-01T10:45:32","modified_gmt":"2021-10-01T08:45:32","slug":"impressum","status":"publish","type":"page","link":"https:\/\/garten-bautechnik.de\/en\/impressum\/","title":{"rendered":"Imprint"},"content":{"rendered":"<div class=\"vc_row wpb_row vc_row-fluid vc_row-o-equal-height vc_row-flex\"><div class=\"wpb_column vc_column_container vc_col-sm-8\"><div class=\"vc_column-inner\"><div class=\"wpb_wrapper\"><div class=\"ult-animation  ult-animate-viewport  ult-no-mobile\" data-animate=\"fadeIn\" data-animation-delay=\"0.5\" data-animation-duration=\"1\" data-animation-iteration=\"1\" style=\"opacity:0;\" data-opacity_start_effect=\"\"><div class='dt-sc-section-title alignleft  vc_custom_1612814490303'><h2><span>Imprint<\/span> <\/h2><p><\/p><\/div><div class='dt-sc-clear'> <\/div>\r\n\t<div class=\"wpb_text_column wpb_content_element\" >\r\n\t\t<div class=\"wpb_wrapper\">\r\n\t\t\t<p>Auerbach Horticultural Engineering<br \/>\nMendelssohnstrasse 3<br \/>\nD-04442 Zwenkau, Germany<\/p>\n<p>&nbsp;<\/p>\n<p>Represented by:<br \/>\nManaging Director Michael Auerbach<\/p>\n<p>&nbsp;<\/p>\n<p>Phone: +49 34203\/62302<br \/>\nFax: +49 34203\/62303<\/p>\n<p>Mail: auerbach-gbt@t-online.de<br \/>\nweb: <a href=\"https:\/\/garten-bautechnik.de\/en\/\">www.garten-bautechnik.de<\/a><\/p>\n<p>&nbsp;<\/p>\n<p>VAT according to \u00a727a<br \/>\nUSt-ID-Nr.: \u00a0DE 337134076<\/p>\n<p>Registry Court: District Court Leipzig<br \/>\nRegisternummer: HRB 38234<\/p>\n<p>&nbsp;<\/p>\n<p>Online dispute resolution according to Art. 14 Para. 1 ODR-VO:<\/p>\n<p>The European Commission provides a platform for online dispute resolution,<br \/>\nwhich you can find at http:\/\/ec.europa.eu\/consumers\/odr.<\/p>\n\r\n\t\t<\/div>\r\n\t<\/div>\r\n<\/div><div class='dt-sc-hr-invisible-small'> <\/div><\/div><\/div><\/div><div class=\"wpb_column vc_column_container vc_col-sm-4 vc_col-has-fill\"><div class=\"vc_column-inner vc_custom_1612815010011\" style=\"min-height: 400px;\"><div class=\"wpb_wrapper\"><\/div><\/div><\/div><\/div>","protected":false},"excerpt":{"rendered":"Impressum Auerbach Gartenbautechnik GmbH Mendelssohnstra\u00dfe 3 04442 Zwenkau &nbsp; Vertreten durch: Gesch\u00e4ftsf\u00fchrer Michael Auerbach &nbsp; Telefon: +49 34203\/62302 Telefax: +49 34203\/62303 E-Mail: auerbach-gbt@t-online.de Internet: www.garten-bautechnik.de &nbsp; Umsatzsteuer-Identifikationsnummer nach \u00a727a USt-ID-Nr.: [...]","protected":false},"author":1,"featured_media":0,"parent":0,"menu_order":0,"comment_status":"closed","ping_status":"closed","template":"","meta":{"footnotes":""},"class_list":["post-10517","page","type-page","status-publish","hentry"],"_links":{"self":[{"href":"https:\/\/garten-bautechnik.de\/en\/wp-json\/wp\/v2\/pages\/10517","targetHints":{"allow":["GET"]}}],"collection":[{"href":"https:\/\/garten-bautechnik.de\/en\/wp-json\/wp\/v2\/pages"}],"about":[{"href":"https:\/\/garten-bautechnik.de\/en\/wp-json\/wp\/v2\/types\/page"}],"author":[{"embeddable":true,"href":"https:\/\/garten-bautechnik.de\/en\/wp-json\/wp\/v2\/users\/1"}],"replies":[{"embeddable":true,"href":"https:\/\/garten-bautechnik.de\/en\/wp-json\/wp\/v2\/comments?post=10517"}],"version-history":[{"count":6,"href":"https:\/\/garten-bautechnik.de\/en\/wp-json\/wp\/v2\/pages\/10517\/revisions"}],"predecessor-version":[{"id":11172,"href":"https:\/\/garten-bautechnik.de\/en\/wp-json\/wp\/v2\/pages\/10517\/revisions\/11172"}],"wp:attachment":[{"href":"https:\/\/garten-bautechnik.de\/en\/wp-json\/wp\/v2\/media?parent=10517"}],"curies":[{"name":"wp","href":"https:\/\/api.w.org\/{rel}","templated":true}]}}