{"id":8583,"date":"2016-12-09T05:07:09","date_gmt":"2016-12-09T05:07:09","guid":{"rendered":"https:\/\/gbta.it-zwenkau.de\/?page_id=8583"},"modified":"2021-06-17T17:37:12","modified_gmt":"2021-06-17T15:37:12","slug":"about","status":"publish","type":"page","link":"https:\/\/garten-bautechnik.de\/en\/about\/","title":{"rendered":"About us"},"content":{"rendered":"<div class=\"vc_row wpb_row vc_row-fluid vc_row-o-equal-height vc_row-flex\"><div class=\"wpb_column vc_column_container vc_col-sm-8\"><div class=\"vc_column-inner\"><div class=\"wpb_wrapper\"><div class=\"ult-animation  ult-animate-viewport  ult-no-mobile\" data-animate=\"bounceInDown\" data-animation-delay=\"0.5\" data-animation-duration=\"1\" data-animation-iteration=\"1\" style=\"opacity:0;\" data-opacity_start_effect=\"\"><div class='dt-sc-section-title alignleft  vc_custom_1617014820763'><h2><span>Auerbach<\/span> Horticultural Engineering<\/h2><p>About us<\/p><\/div><div class='dt-sc-clear'> <\/div>\r\n\t<div class=\"wpb_text_column wpb_content_element\" >\r\n\t\t<div class=\"wpb_wrapper\">\r\n\t\t\t<p><span style=\"color: #333;\">The decisive factor for the company, founded in 2001, was the development of a self-propelled bed trimming machine with automatic trimming height compensation in 2000.<\/span><br \/>\n<span style=\"color: #333;\">This machine was awarded the BMVEL - Innovation Prize for Horticulture 2001 in the category of technology on March 19, 2001.<\/span><\/p>\n<p><span style=\"color: #333;\">Since then, new machines have been continuously developed in the areas of washing technology, cutting technology and transport technology.<\/span><\/p>\n<p><span style=\"color: #333;\">The machines we have developed are now sold worldwide.<\/span><\/p>\n\r\n\t\t<\/div>\r\n\t<\/div>\r\n\r\n\t<div class=\"wpb_text_column wpb_content_element\" >\r\n\t\t<div class=\"wpb_wrapper\">\r\n\t\t\t<table class=\"gbta-cron\">\n<tbody>\n<tr>\n<td style=\"color: #69af07;\"><b>2001<\/b><\/td>\n<td style=\"text-align: left;\">Founded as \"Vertriebsgesellschaft f\u00fcr Gartenbautechnik Auerbach &amp; Ne\u00dfler GbR\"<\/td>\n<\/tr>\n<tr>\n<td style=\"color: #69af07;\"><b>2006<\/b><\/td>\n<td style=\"text-align: left;\">transformation into \"Vertriebsgesellschaft f\u00fcr Gartenbautechnik Auerbach Ltd.\"<\/td>\n<\/tr>\n<tr>\n<td><\/td>\n<td style=\"text-align: left;\">combined with our move to a larger workshop with stock<\/td>\n<\/tr>\n<tr>\n<td style=\"color: #69af07;\"><b>2014<\/b><\/td>\n<td style=\"text-align: left;\">TASPO Award Winner<\/td>\n<\/tr>\n<tr>\n<td style=\"color: #69af07;\"><b>2015<\/b><\/td>\n<td style=\"text-align: left;\">TASPO Finalist<\/td>\n<\/tr>\n<tr>\n<td style=\"color: #69af07;\"><b>2021<\/b><\/td>\n<td style=\"text-align: left;\">as a result of Brexit, the name was changed to Auerbach Gartenbautechnik GmbH<\/td>\n<\/tr>\n<\/tbody>\n<\/table>\n\r\n\t\t<\/div>\r\n\t<\/div>\r\n<\/div><div class='dt-sc-hr-invisible-small'> <\/div><div class=\"vc_row wpb_row vc_inner vc_row-fluid vc_custom_1481274803069\"><div class=\"wpb_column vc_column_container vc_col-sm-6\"><div class=\"vc_column-inner\"><div class=\"wpb_wrapper\"><div class=\"ult-animation  ult-animate-viewport  ult-no-mobile\" data-animate=\"fadeIn\" data-animation-delay=\"0.8\" data-animation-duration=\"1\" data-animation-iteration=\"1\" style=\"opacity:0;\" data-opacity_start_effect=\"\"><div class='dt-sc-icon-box type5' ><div class=\"icon-wrapper\"><span class='lnr lnr-rocket'> <\/span><\/div><div class=\"icon-content\"><h4>Innovation price<\/h4><p><span style=\"color: #333333;\">Winner of the Horticultural Innovation Award 2001 in technology<\/span><\/p><\/div><\/div><\/div><div class='dt-sc-clear'> <\/div><div class=\"vc_separator wpb_content_element vc_separator_align_center vc_sep_width_100 vc_sep_border_width_2 vc_sep_pos_align_center vc_separator_no_text vc_custom_1481262592290  vc_custom_1481262592290\" ><span class=\"vc_sep_holder vc_sep_holder_l\"><span  style=\"border-color:#483b33;\" class=\"vc_sep_line\"><\/span><\/span><span class=\"vc_sep_holder vc_sep_holder_r\"><span  style=\"border-color:#483b33;\" class=\"vc_sep_line\"><\/span><\/span>\n<\/div><div class=\"ult-animation  ult-animate-viewport  ult-no-mobile\" data-animate=\"fadeIn\" data-animation-delay=\"1.1\" data-animation-duration=\"1\" data-animation-iteration=\"1\" style=\"opacity:0;\" data-opacity_start_effect=\"\"><div class='dt-sc-icon-box type5' ><div class=\"icon-wrapper\"><span class='lnr lnr-cog'> <\/span><\/div><div class=\"icon-content\"><h4>individual<\/h4><p><span style=\"color: #333333;\">On demand we offer individual solutions for your production.<\/span><\/p><\/div><\/div><\/div><\/div><\/div><\/div><div class=\"wpb_column vc_column_container vc_col-sm-6\"><div class=\"vc_column-inner\"><div class=\"wpb_wrapper\"><div class=\"ult-animation  ult-animate-viewport  ult-no-mobile\" data-animate=\"fadeIn\" data-animation-delay=\"1.4\" data-animation-duration=\"1\" data-animation-iteration=\"1\" style=\"opacity:0;\" data-opacity_start_effect=\"\"><div class='dt-sc-icon-box type5' ><div class=\"icon-wrapper\"><span class='lnr lnr-layers'> <\/span><\/div><div class=\"icon-content\"><h4>Own patents<\/h4><p><span style=\"color: #333333;\">With our patented solutions you will get ahead<\/span><\/p><\/div><\/div><\/div><div class='dt-sc-clear'> <\/div><div class=\"vc_separator wpb_content_element vc_separator_align_center vc_sep_width_100 vc_sep_border_width_2 vc_sep_pos_align_center vc_separator_no_text vc_custom_1481262592290  vc_custom_1481262592290\" ><span class=\"vc_sep_holder vc_sep_holder_l\"><span  style=\"border-color:#483b33;\" class=\"vc_sep_line\"><\/span><\/span><span class=\"vc_sep_holder vc_sep_holder_r\"><span  style=\"border-color:#483b33;\" class=\"vc_sep_line\"><\/span><\/span>\n<\/div><div class=\"ult-animation  ult-animate-viewport  ult-no-mobile\" data-animate=\"fadeIn\" data-animation-delay=\"1.7\" data-animation-duration=\"1\" data-animation-iteration=\"1\" style=\"opacity:0;\" data-opacity_start_effect=\"\"><div class='dt-sc-icon-box type5' ><div class=\"icon-wrapper\"><span class='lnr lnr-sync'> <\/span><\/div><div class=\"icon-content\"><h4>Service &amp; Spare parts<\/h4><p><span style=\"color: #333333;\">We offer service and spare parts from a single source for all of the machines we develop.<\/span><\/p><\/div><\/div><\/div><\/div><\/div><\/div><\/div><\/div><\/div><\/div><div class=\"wpb_column vc_column_container vc_col-sm-4 vc_col-has-fill\"><div class=\"vc_column-inner vc_custom_1617731319424\" style=\"min-height: 400px;\"><div class=\"wpb_wrapper\"><\/div><\/div><\/div><\/div><div class=\"vc_row wpb_row vc_row-fluid vc_custom_1481347182950\"><div class=\"wpb_column vc_column_container vc_col-sm-12\"><div class=\"vc_column-inner\"><div class=\"wpb_wrapper\"><div class=\"vc_row wpb_row vc_inner vc_row-fluid\"><div class=\"wpb_column vc_column_container vc_col-sm-4\"><div class=\"vc_column-inner\"><div class=\"wpb_wrapper\"><div class=\"ult-animation  ult-animate-viewport  ult-no-mobile\" data-animate=\"flipInY\" data-animation-delay=\"0.5\" data-animation-duration=\"1\" data-animation-iteration=\"1\" style=\"opacity:0;\" data-opacity_start_effect=\"\"><div class='dt-sc-image-caption type1 gbta_cat' ><div class='dt-sc-image-title'><h3><a href=\"\/en\/produkte\/stutztechnik\/\" target=\"_self\" title=\"Crop Technology\">Crop Technology<\/a><\/h3><\/div><div class='dt-sc-image-wrapper'><a target=\"_self\" href=\"\/en\/produkte\/stutztechnik\/\"><img loading=\"lazy\" decoding=\"async\" width=\"1600\" height=\"1200\" src=\"https:\/\/garten-bautechnik.de\/wp-content\/uploads\/2021\/06\/supercut-2.jpeg\" class=\"attachment-full\" alt=\"\" srcset=\"https:\/\/garten-bautechnik.de\/wp-content\/uploads\/2021\/06\/supercut-2.jpeg 1600w, https:\/\/garten-bautechnik.de\/wp-content\/uploads\/2021\/06\/supercut-2-300x225.jpeg 300w, https:\/\/garten-bautechnik.de\/wp-content\/uploads\/2021\/06\/supercut-2-1024x768.jpeg 1024w, https:\/\/garten-bautechnik.de\/wp-content\/uploads\/2021\/06\/supercut-2-1536x1152.jpeg 1536w, https:\/\/garten-bautechnik.de\/wp-content\/uploads\/2021\/06\/supercut-2-16x12.jpeg 16w, https:\/\/garten-bautechnik.de\/wp-content\/uploads\/2021\/06\/supercut-2-500x375.jpeg 500w\" sizes=\"auto, (max-width: 1600px) 100vw, 1600px\" \/><\/a><\/div><div class=\"dt-sc-image-content\" ><div class=\"vc_separator wpb_content_element vc_separator_align_center vc_sep_width_100 vc_sep_pos_align_center vc_separator_no_text vc_sep_color_grey vc_custom_1481346092193  vc_custom_1481346092193\" ><span class=\"vc_sep_holder vc_sep_holder_l\"><span  class=\"vc_sep_line\"><\/span><\/span><span class=\"vc_sep_holder vc_sep_holder_r\"><span  class=\"vc_sep_line\"><\/span><\/span>\n<\/div>\n<a href='#' target='_self' title='' class='dt-sc-button   small icon-right with-icon  simple' > learn more <span class='lnr lnr-arrow-right'> <\/span><\/a><\/div><\/div><\/div><\/div><\/div><\/div><div class=\"wpb_column vc_column_container vc_col-sm-4\"><div class=\"vc_column-inner\"><div class=\"wpb_wrapper\"><div class=\"ult-animation  ult-animate-viewport  ult-no-mobile\" data-animate=\"flipInY\" data-animation-delay=\"0.8\" data-animation-duration=\"1\" data-animation-iteration=\"1\" style=\"opacity:0;\" data-opacity_start_effect=\"\"><div class='dt-sc-image-caption type1 gbta_cat' ><div class='dt-sc-image-title'><h3><a href=\"\/en\/produkte\/waschtechnik\/\" target=\"_self\" title=\"Washing technology\">Washing technology<\/a><\/h3><\/div><div class='dt-sc-image-wrapper'><a target=\"_self\" href=\"\/en\/produkte\/waschtechnik\/\"><img loading=\"lazy\" decoding=\"async\" width=\"2560\" height=\"1920\" src=\"https:\/\/garten-bautechnik.de\/wp-content\/uploads\/2021\/06\/20200309_101641-scaled.jpg\" class=\"attachment-full\" alt=\"\" srcset=\"https:\/\/garten-bautechnik.de\/wp-content\/uploads\/2021\/06\/20200309_101641-scaled.jpg 2560w, https:\/\/garten-bautechnik.de\/wp-content\/uploads\/2021\/06\/20200309_101641-300x225.jpg 300w, https:\/\/garten-bautechnik.de\/wp-content\/uploads\/2021\/06\/20200309_101641-1024x768.jpg 1024w, https:\/\/garten-bautechnik.de\/wp-content\/uploads\/2021\/06\/20200309_101641-1536x1152.jpg 1536w, https:\/\/garten-bautechnik.de\/wp-content\/uploads\/2021\/06\/20200309_101641-2048x1536.jpg 2048w, https:\/\/garten-bautechnik.de\/wp-content\/uploads\/2021\/06\/20200309_101641-16x12.jpg 16w, https:\/\/garten-bautechnik.de\/wp-content\/uploads\/2021\/06\/20200309_101641-500x375.jpg 500w\" sizes=\"auto, (max-width: 2560px) 100vw, 2560px\" \/><\/a><\/div><div class=\"dt-sc-image-content\" ><div class=\"vc_separator wpb_content_element vc_separator_align_center vc_sep_width_100 vc_sep_pos_align_center vc_separator_no_text vc_sep_color_grey vc_custom_1481346092193  vc_custom_1481346092193\" ><span class=\"vc_sep_holder vc_sep_holder_l\"><span  class=\"vc_sep_line\"><\/span><\/span><span class=\"vc_sep_holder vc_sep_holder_r\"><span  class=\"vc_sep_line\"><\/span><\/span>\n<\/div>\n<a href='#' target='_self' title='' class='dt-sc-button   small icon-right with-icon  simple' > learn more <span class='lnr lnr-arrow-right'> <\/span><\/a><\/div><\/div><\/div><\/div><\/div><\/div><div class=\"wpb_column vc_column_container vc_col-sm-4\"><div class=\"vc_column-inner\"><div class=\"wpb_wrapper\"><div class=\"ult-animation  ult-animate-viewport  ult-no-mobile\" data-animate=\"flipInY\" data-animation-delay=\"1.1\" data-animation-duration=\"1\" data-animation-iteration=\"1\" style=\"opacity:0;\" data-opacity_start_effect=\"\"><div class='dt-sc-image-caption type1 gbta_cat' ><div class='dt-sc-image-title'><h3><a href=\"\/en\/produkte\/transporttechnik\/\" target=\"_self\" title=\"Transport technology\">Transport technology<\/a><\/h3><\/div><div class='dt-sc-image-wrapper'><a target=\"_self\" href=\"\/en\/produkte\/transporttechnik\/\"><img loading=\"lazy\" decoding=\"async\" width=\"338\" height=\"253\" src=\"https:\/\/garten-bautechnik.de\/wp-content\/uploads\/2021\/03\/Verklammerung-1.jpg\" class=\"attachment-full\" alt=\"\" srcset=\"https:\/\/garten-bautechnik.de\/wp-content\/uploads\/2021\/03\/Verklammerung-1.jpg 338w, https:\/\/garten-bautechnik.de\/wp-content\/uploads\/2021\/03\/Verklammerung-1-300x225.jpg 300w, https:\/\/garten-bautechnik.de\/wp-content\/uploads\/2021\/03\/Verklammerung-1-16x12.jpg 16w\" sizes=\"auto, (max-width: 338px) 100vw, 338px\" \/><\/a><\/div><div class=\"dt-sc-image-content\" ><div class=\"vc_separator wpb_content_element vc_separator_align_center vc_sep_width_100 vc_sep_pos_align_center vc_separator_no_text vc_sep_color_grey vc_custom_1481346092193  vc_custom_1481346092193\" ><span class=\"vc_sep_holder vc_sep_holder_l\"><span  class=\"vc_sep_line\"><\/span><\/span><span class=\"vc_sep_holder vc_sep_holder_r\"><span  class=\"vc_sep_line\"><\/span><\/span>\n<\/div>\n<a href='#' target='_self' title='' class='dt-sc-button   small icon-right with-icon  simple' > learn more <span class='lnr lnr-arrow-right'> <\/span><\/a><\/div><\/div><\/div><\/div><\/div><\/div><\/div><\/div><\/div><\/div><\/div>","protected":false},"excerpt":{"rendered":"Auerbach Gartenbautechnik\u00dcber uns Ausschlaggebend f\u00fcr die Firmengr\u00fcndung 2001 war im Jahr 2000 die Entwicklung einer selbstfahrenden Beetstutzmaschine mit automatischem Stutzh\u00f6henausgleich. Diese Maschine wurde am 19.3.2001 mit dem BMVEL - Innovationspreis [...]","protected":false},"author":1,"featured_media":0,"parent":0,"menu_order":0,"comment_status":"closed","ping_status":"closed","template":"","meta":{"footnotes":""},"class_list":["post-8583","page","type-page","status-publish","hentry"],"_links":{"self":[{"href":"https:\/\/garten-bautechnik.de\/en\/wp-json\/wp\/v2\/pages\/8583","targetHints":{"allow":["GET"]}}],"collection":[{"href":"https:\/\/garten-bautechnik.de\/en\/wp-json\/wp\/v2\/pages"}],"about":[{"href":"https:\/\/garten-bautechnik.de\/en\/wp-json\/wp\/v2\/types\/page"}],"author":[{"embeddable":true,"href":"https:\/\/garten-bautechnik.de\/en\/wp-json\/wp\/v2\/users\/1"}],"replies":[{"embeddable":true,"href":"https:\/\/garten-bautechnik.de\/en\/wp-json\/wp\/v2\/comments?post=8583"}],"version-history":[{"count":11,"href":"https:\/\/garten-bautechnik.de\/en\/wp-json\/wp\/v2\/pages\/8583\/revisions"}],"predecessor-version":[{"id":11168,"href":"https:\/\/garten-bautechnik.de\/en\/wp-json\/wp\/v2\/pages\/8583\/revisions\/11168"}],"wp:attachment":[{"href":"https:\/\/garten-bautechnik.de\/en\/wp-json\/wp\/v2\/media?parent=8583"}],"curies":[{"name":"wp","href":"https:\/\/api.w.org\/{rel}","templated":true}]}}