{"id":10684,"date":"2021-03-30T08:23:48","date_gmt":"2021-03-30T06:23:48","guid":{"rendered":"https:\/\/gbta.it-zwenkau.de\/?post_type=product&#038;p=10684"},"modified":"2023-02-15T15:00:52","modified_gmt":"2023-02-15T14:00:52","slug":"elektro-akku-supercut","status":"publish","type":"product","link":"https:\/\/garten-bautechnik.de\/en\/product\/elektro-akku-supercut\/","title":{"rendered":"Supercut battery-powered"},"content":{"rendered":"<p>An Stelle des Verbrennungsmotor wird ein b\u00fcrstenloser Gleichstrommotor mit intelligenter Steuerung eingesetzt. Dieser ist sogar leistungsst\u00e4rker als der Verbrennungsmotor &#8211; \u00fcberzeugen Sie sich im Video oder vereinbaren Sie einen Vorf\u00fchrtermin. Lange Akkulaufzeit, schonend zur Umwelt.<\/p>\n<p>&nbsp;<\/p>\n<ul>\n<li>kleiner leistungsstarker 48 Volt Motor neuster Technologie<\/li>\n<li>hohe Drehzahl &#8211; regelbar<\/li>\n<li>intelligente Steuerung (mindert den Stromverbrauch) bei konstanter Drehzahl<\/li>\n<li>Akkulaufzeit 60 &#8211; 120 min (je nach Schnittgut und Drehzahl<\/li>\n<li>verschiedene Akku- Varianten m\u00f6glich<\/li>\n<li>Schnittbreiten 120cm und 160cm<\/li>\n<\/ul>\n<p>&nbsp;<\/p>\n<p>&nbsp;<\/p>\n<p>&nbsp;<\/p>\n<div class=\"wp-playlist wp-video-playlist wp-playlist-light\">\n\t\t<video controls=\"controls\" preload=\"none\" width=\"1178\"\n\t\t height=\"648\"\t><\/video>\n\t<div class=\"wp-playlist-next\"><\/div>\n\t<div class=\"wp-playlist-prev\"><\/div>\n\t<noscript>\n\t<ol>\n\t\t<li><a href='https:\/\/garten-bautechnik.de\/wp-content\/uploads\/2021\/03\/akku-supercut.mp4'>Akku-Supercut<\/a><\/li><li><a href='https:\/\/garten-bautechnik.de\/wp-content\/uploads\/2021\/03\/asc2.mp4'>Akku-Supercut<\/a><\/li>\t<\/ol>\n\t<\/noscript>\n\t<script type=\"application\/json\" class=\"wp-playlist-script\">{\"type\":\"video\",\"tracklist\":true,\"tracknumbers\":true,\"images\":true,\"artists\":true,\"tracks\":[{\"src\":\"https:\/\/garten-bautechnik.de\/wp-content\/uploads\/2021\/03\/akku-supercut.mp4\",\"type\":\"video\/mp4\",\"title\":\"Akku-Supercut\",\"caption\":\"\",\"description\":\"\",\"meta\":{\"length_formatted\":\"0:26\"},\"dimensions\":{\"original\":{\"width\":640,\"height\":352},\"resized\":{\"width\":1178,\"height\":648}},\"image\":{\"src\":\"https:\/\/garten-bautechnik.de\/wp-includes\/images\/media\/video.svg\",\"width\":48,\"height\":64},\"thumb\":{\"src\":\"https:\/\/garten-bautechnik.de\/wp-includes\/images\/media\/video.svg\",\"width\":48,\"height\":64}},{\"src\":\"https:\/\/garten-bautechnik.de\/wp-content\/uploads\/2021\/03\/asc2.mp4\",\"type\":\"video\/mp4\",\"title\":\"Akku-Supercut\",\"caption\":\"\",\"description\":\"\",\"meta\":{\"length_formatted\":\"0:50\"},\"dimensions\":{\"original\":{\"width\":640,\"height\":352},\"resized\":{\"width\":1178,\"height\":648}},\"image\":{\"src\":\"https:\/\/garten-bautechnik.de\/wp-includes\/images\/media\/video.svg\",\"width\":48,\"height\":64},\"thumb\":{\"src\":\"https:\/\/garten-bautechnik.de\/wp-includes\/images\/media\/video.svg\",\"width\":48,\"height\":64}}]}<\/script>\n<\/div>\n\t\n","protected":false},"excerpt":{"rendered":"<p><strong>NEU<\/strong> &#8211; voraussichtlich ab Mai\/Juni 2021 lieferbar<\/p>","protected":false},"featured_media":11180,"template":"","meta":[],"product_brand":[],"product_cat":[116,119],"product_tag":[124,122,123,121],"class_list":{"0":"post-10684","1":"product","2":"type-product","3":"status-publish","4":"has-post-thumbnail","6":"product_cat-auerbach","7":"product_cat-stutztechnik","8":"product_tag-akku","9":"product_tag-akku-supercut","10":"product_tag-innovationspreis","11":"product_tag-supercut","12":"pif-has-gallery","14":"first","15":"instock","16":"shipping-taxable","17":"product-type-simple"},"_links":{"self":[{"href":"https:\/\/garten-bautechnik.de\/en\/wp-json\/wp\/v2\/product\/10684","targetHints":{"allow":["GET"]}}],"collection":[{"href":"https:\/\/garten-bautechnik.de\/en\/wp-json\/wp\/v2\/product"}],"about":[{"href":"https:\/\/garten-bautechnik.de\/en\/wp-json\/wp\/v2\/types\/product"}],"wp:featuredmedia":[{"embeddable":true,"href":"https:\/\/garten-bautechnik.de\/en\/wp-json\/wp\/v2\/media\/11180"}],"wp:attachment":[{"href":"https:\/\/garten-bautechnik.de\/en\/wp-json\/wp\/v2\/media?parent=10684"}],"wp:term":[{"taxonomy":"product_brand","embeddable":true,"href":"https:\/\/garten-bautechnik.de\/en\/wp-json\/wp\/v2\/product_brand?post=10684"},{"taxonomy":"product_cat","embeddable":true,"href":"https:\/\/garten-bautechnik.de\/en\/wp-json\/wp\/v2\/product_cat?post=10684"},{"taxonomy":"product_tag","embeddable":true,"href":"https:\/\/garten-bautechnik.de\/en\/wp-json\/wp\/v2\/product_tag?post=10684"}],"curies":[{"name":"wp","href":"https:\/\/api.w.org\/{rel}","templated":true}]}}