{"id":10685,"date":"2021-03-30T09:17:33","date_gmt":"2021-03-30T07:17:33","guid":{"rendered":"https:\/\/gbta.it-zwenkau.de\/?post_type=product&#038;p=10685"},"modified":"2021-06-17T17:43:50","modified_gmt":"2021-06-17T15:43:50","slug":"asm-duplex","status":"publish","type":"product","link":"https:\/\/garten-bautechnik.de\/en\/product\/asm-duplex\/","title":{"rendered":"ASM-Duplex"},"content":{"rendered":"<h2><span style=\"color: #000000;\">Working principle<\/span><\/h2>\n<p><span style=\"color: #000000;\">Die Pflanzen werden einzeln oder in Trays auf einem Band der Maschine zugef\u00fchrt. Ein Luftstrom zieht die Pflanzentriebe vor der Schere nach oben. Nach dem Schnitt werden diese in Auffangs\u00e4cke bef\u00f6rdert oder<\/span><br \/>\n<span style=\"color: #000000;\">durch das Zwischenschalten eines Zyklons darin zur Wiederverarbeitung aufgefangen.<\/span><\/p>\n<p><span style=\"color: #000000;\">Das Zuf\u00fchren der Pflanzen auf dem Transportband ist in beide Richtungen m\u00f6glich, hier wird nur durch einen Handgriff die Saugseite des Trichters umgeschaltet und die Laufrichtung des Bandes am Umschalter<\/span><br \/>\n<span style=\"color: #000000;\">ge\u00e4ndert, Umbauzeit ca.10 Sekunden! Zur Einstellung, Umstellung, Scherenwechsel ist -kein Werkzeug- erforderlich.<\/span><\/p>\n<p><span style=\"color: #000000;\">Das Ergebnis: Sauber in Form geschnittene Pflanzen ohne R\u00fcckst\u00e4nde in den T\u00f6pfen und Trays.<\/span><\/p>\n<h2><span style=\"color: #000000;\">Unsere Maschine zeichnet sich aus durch:<\/span><\/h2>\n<ul>\n<li><span style=\"color: #000000;\">kompakte Bauweise<\/span><\/li>\n<li><span style=\"color: #000000;\">Ma\u00dfe: 1,10m breit x 1,90m lang x H\u00f6he bis OK Elektrokasten 1,60m (je nach Radgr\u00f6\u00dfe)<\/span><\/li>\n<li><span style=\"color: #000000;\">verstellbare Spurbreite des Fahrgestells, verschiedene R\u00e4der oder auch Spurverbreiterung m\u00f6glich<\/span><\/li>\n<li><span style=\"color: #000000;\">2 Auffangs\u00e4cke mit Gesamtinhalt von 400 l (Schnellwechselsystem)<\/span><\/li>\n<li><span style=\"color: #000000;\">Spezialstofffilter f\u00fcr Abluft<\/span><\/li>\n<li><span style=\"color: #000000;\">Bandauflage stufenlos h\u00f6henverstellbar<\/span><\/li>\n<li><span style=\"color: #000000;\">Schere und Trichter ca. 200mm &#8211; stufenlos h\u00f6henverstellbar<\/span><\/li>\n<li><span style=\"color: #000000;\">schnelles Umr\u00fcsten ohne Werkzeug<\/span><\/li>\n<li><span style=\"color: #000000;\">einfaches \u00d6ffnen &amp; Schlie\u00dfender T\u00fcren ohne Verschl\u00fcsse<\/span><\/li>\n<li><span style=\"color: #000000;\">stutzen von einzelnen Pflanzen, Pflanzen in Kultur- &amp; Aufzuchtspaletten bis max. 400mm Breite, andere Breiten auf Anfrage<\/span><\/li>\n<li><span style=\"color: #000000;\">Unser Absaugtrichter erm\u00f6glicht das Durchfahren der Pflanzen von beiden Seiten. Durch einen Hebel kann die Saugseite im Trichter und die Saugkraft eingestellt werden. Dadurch entf\u00e4llt zeitaufw\u00e4ndiges Drehen der Maschine, bei der Integrierung in Bandanlagen bzw. dort wo kein Platz ist.<\/span><\/li>\n<li><span style=\"color: #000000;\">schnelles Wechseln der Schere durch Magnethalterung<\/span><\/li>\n<li><span style=\"color: #000000;\">optional kann ein Zyklon zum Auffangen des Schnittgutes zwischen Saugtrichter und Gebl\u00e4se geschalten werden<\/span><\/li>\n<\/ul>","protected":false},"excerpt":{"rendered":"<p>Absaugstutzmaschine zum Stutzen von einzelnen Pflanzen, Pflanzen in Kultur- &amp; Aufzuchtsplatten<\/p>\n<p>&nbsp;<\/p>\n[playlist type=\"video\" ids=\"11067,10980,10983,11169\"]\n","protected":false},"featured_media":10619,"template":"","meta":[],"product_brand":[],"product_cat":[116,119],"product_tag":[],"class_list":{"0":"post-10685","1":"product","2":"type-product","3":"status-publish","4":"has-post-thumbnail","6":"product_cat-auerbach","7":"product_cat-stutztechnik","8":"pif-has-gallery","10":"first","11":"instock","12":"shipping-taxable","13":"product-type-simple"},"_links":{"self":[{"href":"https:\/\/garten-bautechnik.de\/en\/wp-json\/wp\/v2\/product\/10685","targetHints":{"allow":["GET"]}}],"collection":[{"href":"https:\/\/garten-bautechnik.de\/en\/wp-json\/wp\/v2\/product"}],"about":[{"href":"https:\/\/garten-bautechnik.de\/en\/wp-json\/wp\/v2\/types\/product"}],"wp:featuredmedia":[{"embeddable":true,"href":"https:\/\/garten-bautechnik.de\/en\/wp-json\/wp\/v2\/media\/10619"}],"wp:attachment":[{"href":"https:\/\/garten-bautechnik.de\/en\/wp-json\/wp\/v2\/media?parent=10685"}],"wp:term":[{"taxonomy":"product_brand","embeddable":true,"href":"https:\/\/garten-bautechnik.de\/en\/wp-json\/wp\/v2\/product_brand?post=10685"},{"taxonomy":"product_cat","embeddable":true,"href":"https:\/\/garten-bautechnik.de\/en\/wp-json\/wp\/v2\/product_cat?post=10685"},{"taxonomy":"product_tag","embeddable":true,"href":"https:\/\/garten-bautechnik.de\/en\/wp-json\/wp\/v2\/product_tag?post=10685"}],"curies":[{"name":"wp","href":"https:\/\/api.w.org\/{rel}","templated":true}]}}