{"id":10818,"date":"2021-04-01T15:48:20","date_gmt":"2021-04-01T13:48:20","guid":{"rendered":"https:\/\/localhost\/gbta\/?post_type=product&#038;p=10818"},"modified":"2021-06-17T16:37:22","modified_gmt":"2021-06-17T14:37:22","slug":"ein-mann-cutmobil-mit-supercut","status":"publish","type":"product","link":"https:\/\/garten-bautechnik.de\/en\/product\/ein-mann-cutmobil-mit-supercut\/","title":{"rendered":"one-man Cutmobile with Supercut"},"content":{"rendered":"<p>Hier ist das Supercut im Mobil drehbar, fahrbar, stufenlos und im Raster (mit Unterst\u00fctzung) h\u00f6henverstellbar montiert. Die Spurbreite des Cutmobils ist stufenlos ausziehbar. Das Mobil ist aus\u00a0d\u00fcnnw\u00e4ndigem Edelstahl hergestellt und somit leicht, stabil, rostfrei und langlebig.<\/p>\n<p>&nbsp;<\/p>\n<ul>\n<li>Lenkgriff in 2 Positionen steckbar<\/li>\n<\/ul>\n<p>Optional:<\/p>\n<ul>\n<li>Sackauflageblech lieferbar<\/li>\n<li>Unterst\u00fctzung f\u00fcr die H\u00f6henverstellung des Fahrrahmens<\/li>\n<\/ul>","protected":false},"excerpt":{"rendered":"[playlist type=\"video\" ids=\"10582,11124,11125,11126\"]\n","protected":false},"featured_media":11123,"template":"","meta":[],"product_brand":[],"product_cat":[116,119],"product_tag":[],"class_list":{"0":"post-10818","1":"product","2":"type-product","3":"status-publish","4":"has-post-thumbnail","6":"product_cat-auerbach","7":"product_cat-stutztechnik","8":"pif-has-gallery","10":"first","11":"instock","12":"shipping-taxable","13":"product-type-simple"},"_links":{"self":[{"href":"https:\/\/garten-bautechnik.de\/en\/wp-json\/wp\/v2\/product\/10818","targetHints":{"allow":["GET"]}}],"collection":[{"href":"https:\/\/garten-bautechnik.de\/en\/wp-json\/wp\/v2\/product"}],"about":[{"href":"https:\/\/garten-bautechnik.de\/en\/wp-json\/wp\/v2\/types\/product"}],"wp:featuredmedia":[{"embeddable":true,"href":"https:\/\/garten-bautechnik.de\/en\/wp-json\/wp\/v2\/media\/11123"}],"wp:attachment":[{"href":"https:\/\/garten-bautechnik.de\/en\/wp-json\/wp\/v2\/media?parent=10818"}],"wp:term":[{"taxonomy":"product_brand","embeddable":true,"href":"https:\/\/garten-bautechnik.de\/en\/wp-json\/wp\/v2\/product_brand?post=10818"},{"taxonomy":"product_cat","embeddable":true,"href":"https:\/\/garten-bautechnik.de\/en\/wp-json\/wp\/v2\/product_cat?post=10818"},{"taxonomy":"product_tag","embeddable":true,"href":"https:\/\/garten-bautechnik.de\/en\/wp-json\/wp\/v2\/product_tag?post=10818"}],"curies":[{"name":"wp","href":"https:\/\/api.w.org\/{rel}","templated":true}]}}