{"id":10821,"date":"2021-04-01T16:39:02","date_gmt":"2021-04-01T14:39:02","guid":{"rendered":"https:\/\/localhost\/gbta\/?post_type=product&#038;p=10821"},"modified":"2021-06-08T10:14:46","modified_gmt":"2021-06-08T08:14:46","slug":"tischmobil-mit-supercut","status":"publish","type":"product","link":"https:\/\/garten-bautechnik.de\/en\/product\/tischmobil-mit-supercut\/","title":{"rendered":"Mobile Bench with Top-Sliding Carriage"},"content":{"rendered":"<p>Die Tischschneidemaschine ist zusammen mit dem Verschiebewagen spielend leicht auf verschiedene Tischbreiten einstellbar. Der Verschiebewagen besitzt eine Unterst\u00fctzung f\u00fcr die H\u00f6henverstellung und l\u00e4sst sich somit leicht an verschiedene Tischarten andocken, ohne wegzurollen. Gefertigt aus Edelstahl.<\/p>\n<p>&nbsp;<\/p>\n<ul>\n<li>mit Verschiebewagen<\/li>\n<li>Material Edelstahl<\/li>\n<li>Schnitth\u00f6he ab 20mm \u00fcber Tischkante bis 300mm \u00fcber Tischkante<\/li>\n<li>einfache H\u00f6henverstellung des Verschiebewagens durch Unterst\u00fctzung zum sicheren Andocken am Tisch<\/li>\n<\/ul>","protected":false},"excerpt":{"rendered":"[playlist type=\"video\" ids=\"11077\"]\n","protected":false},"featured_media":10730,"template":"","meta":[],"product_brand":[],"product_cat":[116,119],"product_tag":[],"class_list":{"0":"post-10821","1":"product","2":"type-product","3":"status-publish","4":"has-post-thumbnail","6":"product_cat-auerbach","7":"product_cat-stutztechnik","8":"pif-has-gallery","10":"first","11":"instock","12":"shipping-taxable","13":"product-type-simple"},"_links":{"self":[{"href":"https:\/\/garten-bautechnik.de\/en\/wp-json\/wp\/v2\/product\/10821","targetHints":{"allow":["GET"]}}],"collection":[{"href":"https:\/\/garten-bautechnik.de\/en\/wp-json\/wp\/v2\/product"}],"about":[{"href":"https:\/\/garten-bautechnik.de\/en\/wp-json\/wp\/v2\/types\/product"}],"wp:featuredmedia":[{"embeddable":true,"href":"https:\/\/garten-bautechnik.de\/en\/wp-json\/wp\/v2\/media\/10730"}],"wp:attachment":[{"href":"https:\/\/garten-bautechnik.de\/en\/wp-json\/wp\/v2\/media?parent=10821"}],"wp:term":[{"taxonomy":"product_brand","embeddable":true,"href":"https:\/\/garten-bautechnik.de\/en\/wp-json\/wp\/v2\/product_brand?post=10821"},{"taxonomy":"product_cat","embeddable":true,"href":"https:\/\/garten-bautechnik.de\/en\/wp-json\/wp\/v2\/product_cat?post=10821"},{"taxonomy":"product_tag","embeddable":true,"href":"https:\/\/garten-bautechnik.de\/en\/wp-json\/wp\/v2\/product_tag?post=10821"}],"curies":[{"name":"wp","href":"https:\/\/api.w.org\/{rel}","templated":true}]}}