{"id":10853,"date":"2021-05-11T14:18:27","date_gmt":"2021-05-11T12:18:27","guid":{"rendered":"https:\/\/gbta.it-zwenkau.de\/?post_type=product&#038;p=10853"},"modified":"2023-02-15T14:56:44","modified_gmt":"2023-02-15T13:56:44","slug":"kwk-kistenwaschkarussell","status":"publish","type":"product","link":"https:\/\/garten-bautechnik.de\/en\/product\/kwk-kistenwaschkarussell\/","title":{"rendered":"CWC Crate Washing Carousel"},"content":{"rendered":"<ul>\n<li>kleine Waschmaschine mit hoher Reinigungswirkung in Folge Ihrer einzigartigen Konstruktion<\/li>\n<li>zum Waschen von Kisten, gro\u00dfer T\u00f6pfe, Eimer und Schalen, sowie Trays, Jungpflanzenpaletten und T\u00f6pfe<\/li>\n<li>Ein-Mann-Bedienung<\/li>\n<li>24V-Antrieb, stufenlos regelbar, \u00dcberlastsicherung<\/li>\n<li>kein st\u00f6ranf\u00e4lliges Transportband<\/li>\n<li>Antrieb au\u00dferhalb des Nassbereiches<\/li>\n<li>auch mit Schaumdesinfektion lieferbar<\/li>\n<\/ul>\n<p>&nbsp;<\/p>\n<p>&nbsp;<\/p>\n<div class=\"wp-playlist wp-video-playlist wp-playlist-light\">\n\t\t<video controls=\"controls\" preload=\"none\" width=\"1178\"\n\t\t height=\"648\"\t><\/video>\n\t<div class=\"wp-playlist-next\"><\/div>\n\t<div class=\"wp-playlist-prev\"><\/div>\n\t<noscript>\n\t<ol>\n\t\t<li><a href='https:\/\/garten-bautechnik.de\/wp-content\/uploads\/2021\/06\/VID-20180824-WA0012_b_1_waschtechnik.mp4'>KWK<\/a><\/li>\t<\/ol>\n\t<\/noscript>\n\t<script type=\"application\/json\" class=\"wp-playlist-script\">{\"type\":\"video\",\"tracklist\":true,\"tracknumbers\":true,\"images\":true,\"artists\":true,\"tracks\":[{\"src\":\"https:\/\/garten-bautechnik.de\/wp-content\/uploads\/2021\/06\/VID-20180824-WA0012_b_1_waschtechnik.mp4\",\"type\":\"video\/mp4\",\"title\":\"KWK\",\"caption\":\"\",\"description\":\"\",\"meta\":{\"length_formatted\":\"1:24\"},\"dimensions\":{\"original\":{\"width\":640,\"height\":352},\"resized\":{\"width\":1178,\"height\":648}},\"image\":{\"src\":\"https:\/\/garten-bautechnik.de\/wp-includes\/images\/media\/video.svg\",\"width\":48,\"height\":64},\"thumb\":{\"src\":\"https:\/\/garten-bautechnik.de\/wp-includes\/images\/media\/video.svg\",\"width\":48,\"height\":64}}]}<\/script>\n<\/div>\n\t\n","protected":false},"excerpt":{"rendered":"<p>Waschmaschine f\u00fcr Trays, Jungpflanzenpaletten, T\u00f6pfe<\/p>\n<p>&nbsp;<\/p>","protected":false},"featured_media":11179,"template":"","meta":[],"product_brand":[],"product_cat":[116,118],"product_tag":[],"class_list":{"0":"post-10853","1":"product","2":"type-product","3":"status-publish","4":"has-post-thumbnail","6":"product_cat-auerbach","7":"product_cat-waschtechnik","8":"pif-has-gallery","10":"first","11":"instock","12":"shipping-taxable","13":"product-type-simple"},"_links":{"self":[{"href":"https:\/\/garten-bautechnik.de\/en\/wp-json\/wp\/v2\/product\/10853","targetHints":{"allow":["GET"]}}],"collection":[{"href":"https:\/\/garten-bautechnik.de\/en\/wp-json\/wp\/v2\/product"}],"about":[{"href":"https:\/\/garten-bautechnik.de\/en\/wp-json\/wp\/v2\/types\/product"}],"wp:featuredmedia":[{"embeddable":true,"href":"https:\/\/garten-bautechnik.de\/en\/wp-json\/wp\/v2\/media\/11179"}],"wp:attachment":[{"href":"https:\/\/garten-bautechnik.de\/en\/wp-json\/wp\/v2\/media?parent=10853"}],"wp:term":[{"taxonomy":"product_brand","embeddable":true,"href":"https:\/\/garten-bautechnik.de\/en\/wp-json\/wp\/v2\/product_brand?post=10853"},{"taxonomy":"product_cat","embeddable":true,"href":"https:\/\/garten-bautechnik.de\/en\/wp-json\/wp\/v2\/product_cat?post=10853"},{"taxonomy":"product_tag","embeddable":true,"href":"https:\/\/garten-bautechnik.de\/en\/wp-json\/wp\/v2\/product_tag?post=10853"}],"curies":[{"name":"wp","href":"https:\/\/api.w.org\/{rel}","templated":true}]}}