{"id":10965,"date":"2021-05-15T14:05:36","date_gmt":"2021-05-15T12:05:36","guid":{"rendered":"https:\/\/gbta.it-zwenkau.de\/?post_type=product&#038;p=10965"},"modified":"2021-06-17T16:50:36","modified_gmt":"2021-06-17T14:50:36","slug":"mobil-tisch-schneidemaschine","status":"publish","type":"product","link":"https:\/\/garten-bautechnik.de\/en\/product\/mobil-tisch-schneidemaschine\/","title":{"rendered":"Mobile Bench Cut Mashine"},"content":{"rendered":"<p>gefertigt aus Edelstahl = leicht, stabil, rostfrei und langlebig<\/p>\n<ul>\n<li>Spurbreite variabel 1,8 \u2013 2 m<\/li>\n<li>Schnitth\u00f6he &#8211; bis 300 mm \u00fcber Tischkante<\/li>\n<li>auf Wunsch mit Verschiebewagen &#8211; variabel in Spurbreite und H\u00f6he<\/li>\n<li>Sicherheitsschalter umsteckbar<\/li>\n<li>schnelle H\u00f6henverstellung f\u00fcr R\u00fcckfahrt mit Anschlag<\/li>\n<\/ul>","protected":false},"excerpt":{"rendered":"<p>&nbsp;<\/p>\n[playlist type=\"video\" ids=\"10966,10967\"]\n","protected":false},"featured_media":10718,"template":"","meta":[],"product_brand":[],"product_cat":[116,119],"product_tag":[],"class_list":{"0":"post-10965","1":"product","2":"type-product","3":"status-publish","4":"has-post-thumbnail","6":"product_cat-auerbach","7":"product_cat-stutztechnik","8":"pif-has-gallery","10":"first","11":"instock","12":"shipping-taxable","13":"product-type-simple"},"_links":{"self":[{"href":"https:\/\/garten-bautechnik.de\/en\/wp-json\/wp\/v2\/product\/10965","targetHints":{"allow":["GET"]}}],"collection":[{"href":"https:\/\/garten-bautechnik.de\/en\/wp-json\/wp\/v2\/product"}],"about":[{"href":"https:\/\/garten-bautechnik.de\/en\/wp-json\/wp\/v2\/types\/product"}],"wp:featuredmedia":[{"embeddable":true,"href":"https:\/\/garten-bautechnik.de\/en\/wp-json\/wp\/v2\/media\/10718"}],"wp:attachment":[{"href":"https:\/\/garten-bautechnik.de\/en\/wp-json\/wp\/v2\/media?parent=10965"}],"wp:term":[{"taxonomy":"product_brand","embeddable":true,"href":"https:\/\/garten-bautechnik.de\/en\/wp-json\/wp\/v2\/product_brand?post=10965"},{"taxonomy":"product_cat","embeddable":true,"href":"https:\/\/garten-bautechnik.de\/en\/wp-json\/wp\/v2\/product_cat?post=10965"},{"taxonomy":"product_tag","embeddable":true,"href":"https:\/\/garten-bautechnik.de\/en\/wp-json\/wp\/v2\/product_tag?post=10965"}],"curies":[{"name":"wp","href":"https:\/\/api.w.org\/{rel}","templated":true}]}}