{"id":11111,"date":"2021-06-08T09:34:29","date_gmt":"2021-06-08T07:34:29","guid":{"rendered":"https:\/\/garten-bautechnik.de\/?post_type=product&#038;p=11111"},"modified":"2021-06-17T17:10:26","modified_gmt":"2021-06-17T15:10:26","slug":"topfgabeln","status":"publish","type":"product","link":"https:\/\/garten-bautechnik.de\/en\/product\/topfgabeln\/","title":{"rendered":"Pot Forks"},"content":{"rendered":"<p>1. Topf in Tray Gabel<br \/>\n2. Segmentgabel &#8211; hier lassen sich die Topfsegmente und Griffe schnell auf<br \/>\nden gew\u00fcnschten Abstand einstellen.<br \/>\nGriffl\u00e4nge und Gr\u00f6\u00dfe nach Wunsch bzw. \u00f6rtlichen Gegebenheiten.<br \/>\n3. Gabel fix, mit angeschwei\u00dften Topfsegmenten<br \/>\nGabel und Griffl\u00e4nge nach Wunsch<br \/>\n4. Stielgabel- zum Be- und Entladen von CC- Containern<br \/>\n5. (Folgebild) Scherengabel zum auseinanderziehen bzw. zusammensetzen der T\u00f6pfe<br \/>\nTopfgr\u00f6\u00dfe 9-12 verstellbar ( andere m\u00f6glich ) f\u00fcr bis zu 10 T\u00f6pfe<br \/>\nGriffe lang f\u00fcr Grundbeete bzw. kurz f\u00fcr Tische<br \/>\nAbstand von Topf zu Topf feststellbar<\/p>","protected":false},"excerpt":{"rendered":"<p>In verschiedenen Arten, fest, verstellbar und Scheren bei uns erh\u00e4ltlich<\/p>\n<p>F\u00fcr Fragen rund um Transporttechnik stehen wir Ihnen gern zur Verf\u00fcgung!<\/p>","protected":false},"featured_media":10605,"template":"","meta":[],"product_brand":[],"product_cat":[116,120],"product_tag":[],"class_list":{"0":"post-11111","1":"product","2":"type-product","3":"status-publish","4":"has-post-thumbnail","6":"product_cat-auerbach","7":"product_cat-transporttechnik","8":"pif-has-gallery","10":"first","11":"instock","12":"shipping-taxable","13":"product-type-simple"},"_links":{"self":[{"href":"https:\/\/garten-bautechnik.de\/en\/wp-json\/wp\/v2\/product\/11111","targetHints":{"allow":["GET"]}}],"collection":[{"href":"https:\/\/garten-bautechnik.de\/en\/wp-json\/wp\/v2\/product"}],"about":[{"href":"https:\/\/garten-bautechnik.de\/en\/wp-json\/wp\/v2\/types\/product"}],"wp:featuredmedia":[{"embeddable":true,"href":"https:\/\/garten-bautechnik.de\/en\/wp-json\/wp\/v2\/media\/10605"}],"wp:attachment":[{"href":"https:\/\/garten-bautechnik.de\/en\/wp-json\/wp\/v2\/media?parent=11111"}],"wp:term":[{"taxonomy":"product_brand","embeddable":true,"href":"https:\/\/garten-bautechnik.de\/en\/wp-json\/wp\/v2\/product_brand?post=11111"},{"taxonomy":"product_cat","embeddable":true,"href":"https:\/\/garten-bautechnik.de\/en\/wp-json\/wp\/v2\/product_cat?post=11111"},{"taxonomy":"product_tag","embeddable":true,"href":"https:\/\/garten-bautechnik.de\/en\/wp-json\/wp\/v2\/product_tag?post=11111"}],"curies":[{"name":"wp","href":"https:\/\/api.w.org\/{rel}","templated":true}]}}